{"id":41193,"date":"2024-03-17T20:11:40","date_gmt":"2024-03-17T20:11:40","guid":{"rendered":"https:\/\/culturaft.ro\/our-services\/"},"modified":"2024-09-30T22:32:37","modified_gmt":"2024-09-30T22:32:37","slug":"how-can-you-help","status":"publish","type":"page","link":"https:\/\/culturaft.ro\/ro\/how-can-you-help\/","title":{"rendered":"How Can You Help?"},"content":{"rendered":"<div data-elementor-type=\"wp-page\" data-elementor-id=\"41193\" class=\"elementor elementor-41193\">\n\t\t\t\t<div class=\"elementor-element elementor-element-25a8cae7 e-flex e-con-boxed e-con e-parent\" data-id=\"25a8cae7\" data-element_type=\"container\">\n\t\t\t\t\t<div class=\"e-con-inner\">\n\t\t<div class=\"elementor-element elementor-element-f174deb e-flex e-con-boxed e-con e-child\" data-id=\"f174deb\" data-element_type=\"container\">\n\t\t\t\t\t<div class=\"e-con-inner\">\n\t\t\t\t<div class=\"elementor-element elementor-element-7e731d7 elementor-widget-divider--view-line elementor-widget elementor-widget-divider\" data-id=\"7e731d7\" data-element_type=\"widget\" data-widget_type=\"divider.default\">\n\t\t\t\t<div class=\"elementor-widget-container\">\n\t\t\t<style>\/*! elementor - v3.22.0 - 26-06-2024 *\/\n.elementor-widget-divider{--divider-border-style:none;--divider-border-width:1px;--divider-color:#0c0d0e;--divider-icon-size:20px;--divider-element-spacing:10px;--divider-pattern-height:24px;--divider-pattern-size:20px;--divider-pattern-url:none;--divider-pattern-repeat:repeat-x}.elementor-widget-divider .elementor-divider{display:flex}.elementor-widget-divider .elementor-divider__text{font-size:15px;line-height:1;max-width:95%}.elementor-widget-divider .elementor-divider__element{margin:0 var(--divider-element-spacing);flex-shrink:0}.elementor-widget-divider .elementor-icon{font-size:var(--divider-icon-size)}.elementor-widget-divider .elementor-divider-separator{display:flex;margin:0;direction:ltr}.elementor-widget-divider--view-line_icon .elementor-divider-separator,.elementor-widget-divider--view-line_text .elementor-divider-separator{align-items:center}.elementor-widget-divider--view-line_icon .elementor-divider-separator:after,.elementor-widget-divider--view-line_icon .elementor-divider-separator:before,.elementor-widget-divider--view-line_text .elementor-divider-separator:after,.elementor-widget-divider--view-line_text .elementor-divider-separator:before{display:block;content:\"\";border-block-end:0;flex-grow:1;border-block-start:var(--divider-border-width) var(--divider-border-style) var(--divider-color)}.elementor-widget-divider--element-align-left .elementor-divider .elementor-divider-separator>.elementor-divider__svg:first-of-type{flex-grow:0;flex-shrink:100}.elementor-widget-divider--element-align-left .elementor-divider-separator:before{content:none}.elementor-widget-divider--element-align-left .elementor-divider__element{margin-left:0}.elementor-widget-divider--element-align-right .elementor-divider .elementor-divider-separator>.elementor-divider__svg:last-of-type{flex-grow:0;flex-shrink:100}.elementor-widget-divider--element-align-right .elementor-divider-separator:after{content:none}.elementor-widget-divider--element-align-right .elementor-divider__element{margin-right:0}.elementor-widget-divider--element-align-start .elementor-divider .elementor-divider-separator>.elementor-divider__svg:first-of-type{flex-grow:0;flex-shrink:100}.elementor-widget-divider--element-align-start .elementor-divider-separator:before{content:none}.elementor-widget-divider--element-align-start .elementor-divider__element{margin-inline-start:0}.elementor-widget-divider--element-align-end .elementor-divider .elementor-divider-separator>.elementor-divider__svg:last-of-type{flex-grow:0;flex-shrink:100}.elementor-widget-divider--element-align-end .elementor-divider-separator:after{content:none}.elementor-widget-divider--element-align-end .elementor-divider__element{margin-inline-end:0}.elementor-widget-divider:not(.elementor-widget-divider--view-line_text):not(.elementor-widget-divider--view-line_icon) .elementor-divider-separator{border-block-start:var(--divider-border-width) var(--divider-border-style) var(--divider-color)}.elementor-widget-divider--separator-type-pattern{--divider-border-style:none}.elementor-widget-divider--separator-type-pattern.elementor-widget-divider--view-line .elementor-divider-separator,.elementor-widget-divider--separator-type-pattern:not(.elementor-widget-divider--view-line) .elementor-divider-separator:after,.elementor-widget-divider--separator-type-pattern:not(.elementor-widget-divider--view-line) .elementor-divider-separator:before,.elementor-widget-divider--separator-type-pattern:not([class*=elementor-widget-divider--view]) .elementor-divider-separator{width:100%;min-height:var(--divider-pattern-height);-webkit-mask-size:var(--divider-pattern-size) 100%;mask-size:var(--divider-pattern-size) 100%;-webkit-mask-repeat:var(--divider-pattern-repeat);mask-repeat:var(--divider-pattern-repeat);background-color:var(--divider-color);-webkit-mask-image:var(--divider-pattern-url);mask-image:var(--divider-pattern-url)}.elementor-widget-divider--no-spacing{--divider-pattern-size:auto}.elementor-widget-divider--bg-round{--divider-pattern-repeat:round}.rtl .elementor-widget-divider .elementor-divider__text{direction:rtl}.e-con-inner>.elementor-widget-divider,.e-con>.elementor-widget-divider{width:var(--container-widget-width,100%);--flex-grow:var(--container-widget-flex-grow)}<\/style>\t\t<div class=\"elementor-divider\">\n\t\t\t<span class=\"elementor-divider-separator\">\n\t\t\t\t\t\t<\/span>\n\t\t<\/div>\n\t\t\t\t<\/div>\n\t\t\t\t<\/div>\n\t\t\t\t<div class=\"elementor-element elementor-element-c7df484 elementor-widget elementor-widget-heading\" data-id=\"c7df484\" data-element_type=\"widget\" data-widget_type=\"heading.default\">\n\t\t\t\t<div class=\"elementor-widget-container\">\n\t\t\t<style>\/*! elementor - v3.22.0 - 26-06-2024 *\/\n.elementor-heading-title{padding:0;margin:0;line-height:1}.elementor-widget-heading .elementor-heading-title[class*=elementor-size-]>a{color:inherit;font-size:inherit;line-height:inherit}.elementor-widget-heading .elementor-heading-title.elementor-size-small{font-size:15px}.elementor-widget-heading .elementor-heading-title.elementor-size-medium{font-size:19px}.elementor-widget-heading .elementor-heading-title.elementor-size-large{font-size:29px}.elementor-widget-heading .elementor-heading-title.elementor-size-xl{font-size:39px}.elementor-widget-heading .elementor-heading-title.elementor-size-xxl{font-size:59px}<\/style><h2 class=\"elementor-heading-title elementor-size-default\">CUM PO\u021aI AJUTA?<\/h2>\t\t<\/div>\n\t\t\t\t<\/div>\n\t\t\t\t<div class=\"elementor-element elementor-element-1a0054e elementor-widget__width-initial elementor-widget elementor-widget-text-editor\" data-id=\"1a0054e\" data-element_type=\"widget\" data-widget_type=\"text-editor.default\">\n\t\t\t\t<div class=\"elementor-widget-container\">\n\t\t\t<style>\/*! elementor - v3.22.0 - 26-06-2024 *\/\n.elementor-widget-text-editor.elementor-drop-cap-view-stacked .elementor-drop-cap{background-color:#69727d;color:#fff}.elementor-widget-text-editor.elementor-drop-cap-view-framed .elementor-drop-cap{color:#69727d;border:3px solid;background-color:transparent}.elementor-widget-text-editor:not(.elementor-drop-cap-view-default) .elementor-drop-cap{margin-top:8px}.elementor-widget-text-editor:not(.elementor-drop-cap-view-default) .elementor-drop-cap-letter{width:1em;height:1em}.elementor-widget-text-editor .elementor-drop-cap{float:left;text-align:center;line-height:1;font-size:50px}.elementor-widget-text-editor .elementor-drop-cap-letter{display:inline-block}<\/style>\t\t\t\t<p><em><b>Sus\u021bine arta \u0219i cultura! <\/b><\/em><\/p><p><em><b>Contribu\u021bia ta face posibil\u0103 misiunea noastr\u0103 de a sus\u021bine arti\u0219tii \u0219i de a p\u0103stra patrimoniul cultural.<\/b><\/em><\/p><p><em><b> Prin sprijinul t\u0103u generos, suntem capabili s\u0103 asigur\u0103m resurse esen\u021biale, finan\u021bare \u0219i oportunit\u0103\u021bi pentru ca arti\u0219tii s\u0103 creasc\u0103 \u0219i s\u0103 aduc\u0103 contribu\u021bii semnificative culturii noastre.<\/b><\/em><\/p><p><em><b> \u00cempreun\u0103, s\u0103rb\u0103torim diversitatea, stimul\u0103m creativitatea \u0219i apreciem bog\u0103\u021bia patrimoniului nostru comun. Al\u0103tur\u0103-te eforturilor noastre pentru a modela un viitor \u00een care cultura \u0219i arta se dezvolt\u0103,  \u00eembog\u0103\u021bind via\u021ba indivizilor \u0219i comunit\u0103\u021bilor<\/b><\/em><\/p>\t\t\t\t\t\t<\/div>\n\t\t\t\t<\/div>\n\t\t\t\t<div class=\"elementor-element elementor-element-0f73ebd elementor-widget__width-initial elementor-widget elementor-widget-text-editor\" data-id=\"0f73ebd\" data-element_type=\"widget\" data-widget_type=\"text-editor.default\">\n\t\t\t\t<div class=\"elementor-widget-container\">\n\t\t\t\t\t\t\t<p>Sus\u021bine arta \u0219i cultura!<\/p><p>Contribu\u021bia ta face posibil\u0103 misiunea noastr\u0103 de a sus\u021bine arti\u0219tii \u0219i de a proteja patrimoniul cultural.<\/p><p>Prin sprijinul t\u0103u vom putea asigura resurse, finan\u021bare \u0219i oportunit\u0103\u021bi pentru ca arti\u0219tii s\u0103 creasc\u0103 \u0219i s\u0103 aduc\u0103 contribu\u021bii semnificative culturii noastre.<\/p><p>\u00cempreun\u0103, promov\u0103m diversitatea, stimul\u0103m creativitatea \u0219i apreciem bog\u0103\u021bia patrimoniului nostru comun. Al\u0103tur\u0103-te eforturilor noastre pentru a modela un viitor \u00een care cultura \u0219i arta se dezvolt\u0103, \u00eembog\u0103\u021bind via\u021ba indivizilor \u0219i comunit\u0103\u021bilor<\/p>\t\t\t\t\t\t<\/div>\n\t\t\t\t<\/div>\n\t\t\t\t\t<\/div>\n\t\t\t\t<\/div>\n\t\t\t\t\t<\/div>\n\t\t\t\t<\/div>\n\t\t<div class=\"elementor-element elementor-element-5e16763 e-flex e-con-boxed e-con e-parent\" data-id=\"5e16763\" data-element_type=\"container\">\n\t\t\t\t\t<div class=\"e-con-inner\">\n\t\t\t\t<div class=\"elementor-element elementor-element-d826e07 elementor-widget__width-initial elementor-widget elementor-widget-text-editor\" data-id=\"d826e07\" data-element_type=\"widget\" data-widget_type=\"text-editor.default\">\n\t\t\t\t<div class=\"elementor-widget-container\">\n\t\t\t\t\t\t\t<p>Sprijinul t\u0103u joac\u0103 un rol crucial \u00een continuarea misiunii noastre de promovare \u0219i sus\u021binere a culturii \u0219i artei. Iat\u0103 c\u00e2teva modalit\u0103\u021bi prin care po\u021bi contribui:<\/p><p>1. <b><a href=\"https:\/\/culturaft.ro\/ro\/donate\/\" target=\"_blank\" rel=\"noopener\">Make a Donation<\/a>:<\/b>\u00a0: contribu\u021biile tale financiare ajut\u0103 la finan\u021barea ini\u021biativelor noastre \u0219i sus\u021binerea arti\u0219tilor \u0219i angaja\u021bilor culturali. Po\u021bi face o dona\u021bie unic\u0103 sau po\u021bi configura o dona\u021bie recurent\u0103 pentru a oferi sprijin continuu.<\/p><p>2. <b>Volunteer your Time<\/b>:\u00a0If you\u2019re passionate about our cause, consider volunteering your time and skills. Whether it\u2019s assisting with events, fundraising efforts, or administrative tasks, your support is invaluable to us.<\/p><p>3. <b>D\u0103 vestea mai departe<\/b>:\u00a0Help us raise awareness about our organization and the work we do. Share our website, social media posts, and upcoming events with your friends, family, and networks to amplify our impact.<\/p><p>4. <b>Hai s\u0103 ne parteneriem<\/b>:\u00a0If you represent an organization or business that shares our values, consider partnering with us on projects or initiatives. Collaborative efforts strengthen our impact and reach within the community.<\/p>\t\t\t\t\t\t<\/div>\n\t\t\t\t<\/div>\n\t\t\t\t<div class=\"elementor-element elementor-element-d9e37cc elementor-widget__width-initial elementor-widget elementor-widget-text-editor\" data-id=\"d9e37cc\" data-element_type=\"widget\" data-widget_type=\"text-editor.default\">\n\t\t\t\t<div class=\"elementor-widget-container\">\n\t\t\t\t\t\t\t<p>Sprijinul t\u0103u joac\u0103 un rol important \u00een continuarea misiunii noastre de promovare \u0219i sus\u021binere a culturii \u0219i artei. Iat\u0103 c\u00e2teva modalit\u0103\u021bi prin care po\u021bi contribui:<\/p><ol><li><a href=\"https:\/\/culturaft.ro\/ro\/donate\/\" target=\"_blank\" rel=\"noopener\"><strong>Doneaz\u0103<\/strong><\/a>: contribu\u021biile tale financiare ajut\u0103 la finan\u021barea ini\u021biativelor noastre \u0219i sus\u021binerea arti\u0219tilor \u0219i angaja\u021bilor culturali. Po\u021bi face o dona\u021bie unic\u0103 sau po\u021bi configura o dona\u021bie recurent\u0103 pentru a oferi sprijin continuu.<\/li><li><strong>Ofer\u0103-\u021bi timpul<\/strong>: dac\u0103 \u00ee\u021bi pas\u0103 de cauza noastr\u0103, ia \u00een considerare s\u0103 \u00ee\u021bi oferi timpul \u0219i abilit\u0103\u021bile \u00een calitate de voluntar. Fie c\u0103 este vorba despre asistarea la evenimente, eforturi de str\u00e2ngere de fonduri sau sarcini administrative, sprijinul t\u0103u este extrem de valoros pentru noi.<\/li><li><strong>D\u0103 vestea mai departe<\/strong>: ajut\u0103-ne s\u0103 cre\u0219tem gradul de con\u0219tientizare despre organiza\u021bia noastr\u0103 \u0219i munca pe care o desf\u0103\u0219ur\u0103m. Distribuie site-ul nostru, post\u0103rile de pe re\u021belele sociale \u0219i evenimentele viitoare prietenilor, familiei \u0219i re\u021belelor tale pentru a amplifica impactul nostru.<\/li><li><strong>Hai s\u0103 ne parteneriem:<\/strong> dac\u0103 reprezin\u021bi o organiza\u021bie sau o afacere care \u00eemp\u0103rt\u0103\u0219e\u0219te valorile noastre, te invit\u0103m s\u0103 devii partenerul nostru \u00een proiecte sau ini\u021biative. Prin parteneriate, ne extindem eforturile \u0219i ajungem la mai mul\u021bi oameni.<\/li><\/ol>\t\t\t\t\t\t<\/div>\n\t\t\t\t<\/div>\n\t\t\t\t\t<\/div>\n\t\t\t\t<\/div>\n\t\t<div class=\"elementor-element elementor-element-4f8430b3 e-flex e-con-boxed e-con e-parent\" data-id=\"4f8430b3\" data-element_type=\"container\">\n\t\t\t\t\t<div class=\"e-con-inner\">\n\t\t<div class=\"elementor-element elementor-element-66c691b4 e-con-full e-flex e-con e-child\" data-id=\"66c691b4\" data-element_type=\"container\">\n\t\t<div class=\"elementor-element elementor-element-7cc173af e-con-full e-flex e-con e-child\" data-id=\"7cc173af\" data-element_type=\"container\" data-settings=\"{&quot;background_background&quot;:&quot;classic&quot;}\">\n\t\t\t\t<\/div>\n\t\t<div class=\"elementor-element elementor-element-591f9b37 e-con-full e-flex e-con e-child\" data-id=\"591f9b37\" data-element_type=\"container\">\n\t\t\t\t<div class=\"elementor-element elementor-element-16fa52b6 elementor-widget elementor-widget-heading\" data-id=\"16fa52b6\" data-element_type=\"widget\" data-widget_type=\"heading.default\">\n\t\t\t\t<div class=\"elementor-widget-container\">\n\t\t\t<h2 class=\"elementor-heading-title elementor-size-default\"><a href=\"https:\/\/culturaft.ro\/ro\/donate\/\" target=\"_blank\">Donor<\/a><\/h2>\t\t<\/div>\n\t\t\t\t<\/div>\n\t\t\t\t<div class=\"elementor-element elementor-element-44dfc547 elementor-widget-divider--view-line elementor-widget elementor-widget-divider\" data-id=\"44dfc547\" data-element_type=\"widget\" data-widget_type=\"divider.default\">\n\t\t\t\t<div class=\"elementor-widget-container\">\n\t\t\t\t\t<div class=\"elementor-divider\">\n\t\t\t<span class=\"elementor-divider-separator\">\n\t\t\t\t\t\t<\/span>\n\t\t<\/div>\n\t\t\t\t<\/div>\n\t\t\t\t<\/div>\n\t\t\t\t<div class=\"elementor-element elementor-element-648c5f5d elementor-widget elementor-widget-text-editor\" data-id=\"648c5f5d\" data-element_type=\"widget\" data-widget_type=\"text-editor.default\">\n\t\t\t\t<div class=\"elementor-widget-container\">\n\t\t\t\t\t\t\t<p>Sprijin\u0103 arta prin dona\u021bia ta: sus\u021bine ini\u021biativele culturale \u0219i ofer\u0103 arti\u0219tilor resursele de care au nevoie.<\/p>\t\t\t\t\t\t<\/div>\n\t\t\t\t<\/div>\n\t\t\t\t<\/div>\n\t\t\t\t<\/div>\n\t\t<div class=\"elementor-element elementor-element-4a9cd723 e-con-full e-flex e-con e-child\" data-id=\"4a9cd723\" data-element_type=\"container\">\n\t\t<div class=\"elementor-element elementor-element-4172b5af e-con-full e-flex e-con e-child\" data-id=\"4172b5af\" data-element_type=\"container\" data-settings=\"{&quot;background_background&quot;:&quot;classic&quot;}\">\n\t\t\t\t<\/div>\n\t\t<div class=\"elementor-element elementor-element-563ce5e0 e-con-full e-flex e-con e-child\" data-id=\"563ce5e0\" data-element_type=\"container\">\n\t\t\t\t<div class=\"elementor-element elementor-element-756f131e elementor-widget__width-inherit elementor-widget elementor-widget-heading\" data-id=\"756f131e\" data-element_type=\"widget\" data-widget_type=\"heading.default\">\n\t\t\t\t<div class=\"elementor-widget-container\">\n\t\t\t<h2 class=\"elementor-heading-title elementor-size-default\"><a href=\"https:\/\/culturaft.ro\/ro\/support-our-association\/\" target=\"_blank\">Sponsor<\/a><\/h2>\t\t<\/div>\n\t\t\t\t<\/div>\n\t\t\t\t<div class=\"elementor-element elementor-element-1c43de5b elementor-widget-divider--view-line elementor-widget elementor-widget-divider\" data-id=\"1c43de5b\" data-element_type=\"widget\" data-widget_type=\"divider.default\">\n\t\t\t\t<div class=\"elementor-widget-container\">\n\t\t\t\t\t<div class=\"elementor-divider\">\n\t\t\t<span class=\"elementor-divider-separator\">\n\t\t\t\t\t\t<\/span>\n\t\t<\/div>\n\t\t\t\t<\/div>\n\t\t\t\t<\/div>\n\t\t\t\t<div class=\"elementor-element elementor-element-130cb5b5 elementor-widget elementor-widget-text-editor\" data-id=\"130cb5b5\" data-element_type=\"widget\" data-widget_type=\"text-editor.default\">\n\t\t\t\t<div class=\"elementor-widget-container\">\n\t\t\t\t\t\t\t<p>Ne-ar face pl\u0103cere s\u0103 te avem al\u0103turi ca sponsor! \u0218i da, dac\u0103 reprezin\u021bi o companie, contribu\u021bia ta este deductibil\u0103 fiscal.<\/p>\t\t\t\t\t\t<\/div>\n\t\t\t\t<\/div>\n\t\t\t\t<\/div>\n\t\t\t\t<\/div>\n\t\t<div class=\"elementor-element elementor-element-527f3161 e-con-full e-flex e-con e-child\" data-id=\"527f3161\" data-element_type=\"container\">\n\t\t<div class=\"elementor-element elementor-element-3af31d1c e-con-full e-flex e-con e-child\" data-id=\"3af31d1c\" data-element_type=\"container\" data-settings=\"{&quot;background_background&quot;:&quot;classic&quot;}\">\n\t\t\t\t<\/div>\n\t\t<div class=\"elementor-element elementor-element-2793d952 e-con-full e-flex e-con e-child\" data-id=\"2793d952\" data-element_type=\"container\">\n\t\t\t\t<div class=\"elementor-element elementor-element-70b46773 elementor-widget elementor-widget-heading\" data-id=\"70b46773\" data-element_type=\"widget\" data-widget_type=\"heading.default\">\n\t\t\t\t<div class=\"elementor-widget-container\">\n\t\t\t<h2 class=\"elementor-heading-title elementor-size-default\">Collab'<\/h2>\t\t<\/div>\n\t\t\t\t<\/div>\n\t\t\t\t<div class=\"elementor-element elementor-element-342d3419 elementor-widget-divider--view-line elementor-widget elementor-widget-divider\" data-id=\"342d3419\" data-element_type=\"widget\" data-widget_type=\"divider.default\">\n\t\t\t\t<div class=\"elementor-widget-container\">\n\t\t\t\t\t<div class=\"elementor-divider\">\n\t\t\t<span class=\"elementor-divider-separator\">\n\t\t\t\t\t\t<\/span>\n\t\t<\/div>\n\t\t\t\t<\/div>\n\t\t\t\t<\/div>\n\t\t\t\t<div class=\"elementor-element elementor-element-58ece96a elementor-widget elementor-widget-text-editor\" data-id=\"58ece96a\" data-element_type=\"widget\" data-widget_type=\"text-editor.default\">\n\t\t\t\t<div class=\"elementor-widget-container\">\n\t\t\t\t\t\t\t<p>Particip\u0103 al\u0103turi de noi la proiecte \u0219i ini\u021biative care sus\u021bin obiectivele noastre comune.<\/p>\t\t\t\t\t\t<\/div>\n\t\t\t\t<\/div>\n\t\t\t\t<\/div>\n\t\t\t\t<\/div>\n\t\t<div class=\"elementor-element elementor-element-225a89b7 e-con-full e-flex e-con e-child\" data-id=\"225a89b7\" data-element_type=\"container\">\n\t\t<div class=\"elementor-element elementor-element-57d6684f e-con-full e-flex e-con e-child\" data-id=\"57d6684f\" data-element_type=\"container\" data-settings=\"{&quot;background_background&quot;:&quot;classic&quot;}\">\n\t\t\t\t<\/div>\n\t\t<div class=\"elementor-element elementor-element-328b7604 e-con-full e-flex e-con e-child\" data-id=\"328b7604\" data-element_type=\"container\">\n\t\t\t\t<div class=\"elementor-element elementor-element-308e302f elementor-widget elementor-widget-heading\" data-id=\"308e302f\" data-element_type=\"widget\" data-widget_type=\"heading.default\">\n\t\t\t\t<div class=\"elementor-widget-container\">\n\t\t\t<h2 class=\"elementor-heading-title elementor-size-default\">Partener<\/h2>\t\t<\/div>\n\t\t\t\t<\/div>\n\t\t\t\t<div class=\"elementor-element elementor-element-1777d4ea elementor-widget-divider--view-line elementor-widget elementor-widget-divider\" data-id=\"1777d4ea\" data-element_type=\"widget\" data-widget_type=\"divider.default\">\n\t\t\t\t<div class=\"elementor-widget-container\">\n\t\t\t\t\t<div class=\"elementor-divider\">\n\t\t\t<span class=\"elementor-divider-separator\">\n\t\t\t\t\t\t<\/span>\n\t\t<\/div>\n\t\t\t\t<\/div>\n\t\t\t\t<\/div>\n\t\t\t\t<div class=\"elementor-element elementor-element-76a40580 elementor-widget elementor-widget-text-editor\" data-id=\"76a40580\" data-element_type=\"widget\" data-widget_type=\"text-editor.default\">\n\t\t\t\t<div class=\"elementor-widget-container\">\n\t\t\t\t\t\t\t<p>Colaboreaz\u0103 cu noi pentru a crea un impact semnificativ \u00een sectorul cultural.<\/p>\t\t\t\t\t\t<\/div>\n\t\t\t\t<\/div>\n\t\t\t\t<\/div>\n\t\t\t\t<\/div>\n\t\t<div class=\"elementor-element elementor-element-411c840f e-con-full e-flex e-con e-child\" data-id=\"411c840f\" data-element_type=\"container\">\n\t\t<div class=\"elementor-element elementor-element-4458bf94 e-con-full e-flex e-con e-child\" data-id=\"4458bf94\" data-element_type=\"container\" data-settings=\"{&quot;background_background&quot;:&quot;classic&quot;}\">\n\t\t\t\t<\/div>\n\t\t<div class=\"elementor-element elementor-element-33f0dbf4 e-con-full e-flex e-con e-child\" data-id=\"33f0dbf4\" data-element_type=\"container\">\n\t\t\t\t<div class=\"elementor-element elementor-element-3d6593dd elementor-widget elementor-widget-heading\" data-id=\"3d6593dd\" data-element_type=\"widget\" data-widget_type=\"heading.default\">\n\t\t\t\t<div class=\"elementor-widget-container\">\n\t\t\t<h2 class=\"elementor-heading-title elementor-size-default\"><h2 data-elementor-setting-key=\"title\" data-pen-placeholder=\"Type Here...\" style=\"line-height: var( --e-global-typography-secondary-line-height ); font-weight: var( --e-global-typography-secondary-font-weight ); font-family: Poppins, sans-serif; font-size: var( --e-global-typography-secondary-font-size ); text-transform: var( --e-global-typography-secondary-text-transform ); font-style: normal; text-decoration-thickness: initial; text-decoration-style: initial; text-decoration-color: initial; letter-spacing: normal; word-spacing: 0px;\">Participant<\/h2><\/h2>\t\t<\/div>\n\t\t\t\t<\/div>\n\t\t\t\t<div class=\"elementor-element elementor-element-3b953169 elementor-widget-divider--view-line elementor-widget elementor-widget-divider\" data-id=\"3b953169\" data-element_type=\"widget\" data-widget_type=\"divider.default\">\n\t\t\t\t<div class=\"elementor-widget-container\">\n\t\t\t\t\t<div class=\"elementor-divider\">\n\t\t\t<span class=\"elementor-divider-separator\">\n\t\t\t\t\t\t<\/span>\n\t\t<\/div>\n\t\t\t\t<\/div>\n\t\t\t\t<\/div>\n\t\t\t\t<div class=\"elementor-element elementor-element-4490ed98 elementor-widget elementor-widget-text-editor\" data-id=\"4490ed98\" data-element_type=\"widget\" data-widget_type=\"text-editor.default\">\n\t\t\t\t<div class=\"elementor-widget-container\">\n\t\t\t\t\t\t\t<p>Particip\u0103 la evenimente \u0219i implic\u0103-te \u00een activit\u0103\u021bile noastre.<\/p>\t\t\t\t\t\t<\/div>\n\t\t\t\t<\/div>\n\t\t\t\t<\/div>\n\t\t\t\t<\/div>\n\t\t<div class=\"elementor-element elementor-element-2b8e0839 e-con-full e-flex e-con e-child\" data-id=\"2b8e0839\" data-element_type=\"container\">\n\t\t<div class=\"elementor-element elementor-element-4e6044e2 e-con-full e-flex e-con e-child\" data-id=\"4e6044e2\" data-element_type=\"container\" data-settings=\"{&quot;background_background&quot;:&quot;classic&quot;}\">\n\t\t\t\t<\/div>\n\t\t<div class=\"elementor-element elementor-element-4f905dc7 e-con-full e-flex e-con e-child\" data-id=\"4f905dc7\" data-element_type=\"container\">\n\t\t\t\t<div class=\"elementor-element elementor-element-38a407e4 elementor-widget elementor-widget-heading\" data-id=\"38a407e4\" data-element_type=\"widget\" data-widget_type=\"heading.default\">\n\t\t\t\t<div class=\"elementor-widget-container\">\n\t\t\t<h2 class=\"elementor-heading-title elementor-size-default\">Voluntar<\/h2>\t\t<\/div>\n\t\t\t\t<\/div>\n\t\t\t\t<div class=\"elementor-element elementor-element-37f51791 elementor-widget-divider--view-line elementor-widget elementor-widget-divider\" data-id=\"37f51791\" data-element_type=\"widget\" data-widget_type=\"divider.default\">\n\t\t\t\t<div class=\"elementor-widget-container\">\n\t\t\t\t\t<div class=\"elementor-divider\">\n\t\t\t<span class=\"elementor-divider-separator\">\n\t\t\t\t\t\t<\/span>\n\t\t<\/div>\n\t\t\t\t<\/div>\n\t\t\t\t<\/div>\n\t\t\t\t<div class=\"elementor-element elementor-element-78133d6b elementor-widget elementor-widget-text-editor\" data-id=\"78133d6b\" data-element_type=\"widget\" data-widget_type=\"text-editor.default\">\n\t\t\t\t<div class=\"elementor-widget-container\">\n\t\t\t\t\t\t\t<p>Ofer\u0103-\u021bi timpul ca voluntar pentru a ajuta la organizarea evenimentelor \u0219i proiectelor noastre.<\/p>\t\t\t\t\t\t<\/div>\n\t\t\t\t<\/div>\n\t\t\t\t<\/div>\n\t\t\t\t<\/div>\n\t\t\t\t\t<\/div>\n\t\t\t\t<\/div>\n\t\t\t\t<\/div>","protected":false},"excerpt":{"rendered":"<p>HOW CAN YOU HELP? Make a difference. Your support fuels our mission, empowering artists and preserving cultural heritage. Through your generosity, we are able to provide essential resources, funding, and opportunities for artists to thrive and create meaningful contributions to our cultural landscape. Together, we celebrate diversity, foster creativity, and honor the richness of our [&hellip;]<\/p>","protected":false},"author":1,"featured_media":0,"parent":0,"menu_order":1,"comment_status":"closed","ping_status":"closed","template":"elementor_header_footer","meta":{"footnotes":""},"class_list":["post-41193","page","type-page","status-publish","hentry"],"_links":{"self":[{"href":"https:\/\/culturaft.ro\/ro\/wp-json\/wp\/v2\/pages\/41193","targetHints":{"allow":["GET"]}}],"collection":[{"href":"https:\/\/culturaft.ro\/ro\/wp-json\/wp\/v2\/pages"}],"about":[{"href":"https:\/\/culturaft.ro\/ro\/wp-json\/wp\/v2\/types\/page"}],"author":[{"embeddable":true,"href":"https:\/\/culturaft.ro\/ro\/wp-json\/wp\/v2\/users\/1"}],"replies":[{"embeddable":true,"href":"https:\/\/culturaft.ro\/ro\/wp-json\/wp\/v2\/comments?post=41193"}],"version-history":[{"count":162,"href":"https:\/\/culturaft.ro\/ro\/wp-json\/wp\/v2\/pages\/41193\/revisions"}],"predecessor-version":[{"id":42470,"href":"https:\/\/culturaft.ro\/ro\/wp-json\/wp\/v2\/pages\/41193\/revisions\/42470"}],"wp:attachment":[{"href":"https:\/\/culturaft.ro\/ro\/wp-json\/wp\/v2\/media?parent=41193"}],"curies":[{"name":"wp","href":"https:\/\/api.w.org\/{rel}","templated":true}]}}